{"id":2587,"date":"2021-11-25T15:39:01","date_gmt":"2021-11-25T15:39:01","guid":{"rendered":"http:\/\/lymphoedemacenter.com\/?page_id=2587"},"modified":"2022-04-06T09:53:06","modified_gmt":"2022-04-06T09:53:06","slug":"chirurgie-du-lipoedeme","status":"publish","type":"page","link":"https:\/\/lymphoedemacenter.com\/?page_id=2587&lang=fr","title":{"rendered":"Chirurgie du lipoed\u00e8me"},"content":{"rendered":"<p class=\"text-justify\">Certaines patientes pr&#xE9;sentent les lipodystrophies importantes au niveau des cuisses, des mollets et des chevilles qui gonflent de plus en plus. Les cures amaigrissantes n&#x2019;y font rien.<\/p>\n\n\n\n<p class=\"text-justify\">Notre polytique de traitement est d&#x2019;abord une &#xE9;valuation&#xA0;:<\/p>\n\n\n\n<p class=\"text-justify\">Une biologie sp&#xE9;cifique et une r&#xE9;&#xE9;quilibration alimentaire en fonction des besoins (micronutrition). la r&#xE9;sistance &#xE0; La r&#xE9;sistance l&#x2019;insuline peut faire grossir et &#xA0;les pertes ioniques et prot&#xE9;iques engendrent les &#x153;d&#xE8;mes, il peut aussi y avoir des probl&#xE8;mes hormonaux<\/p>\n\n\n\n<p class=\"text-justify\">Une lymphoIRM pour voir l&#x2019;infiltration aqueuse et l&#x2019;hypoplasie ganglionnaire &#xE9;ventuelle.<\/p>\n\n\n\n<h2 class=\"wp-block-heading\">Traitement :<\/h2>\n\n\n\n<p class=\"text-justify\">Le traitement se fait &#xE0; long terme et est multidisciplinaire.<\/p>\n\n\n\n<ol class=\"text-justify wp-block-list\"><li><strong>Micronutrition<\/strong><\/li><li><strong>Liposculpture<\/strong>, mais , &#xE9;tant donn&#xE9; l&#x2019;absorption massive d&#x2019;eau, il est <em>d&#xE9;command&#xE9;<\/em> de la faire sous lipojet. Par contre, en cas d&#x2019;hypoplasie, elle se fera avec la vision directe des canaux lymphatiques apr&#xE8;s injection de fluoresc&#xE9;ine qui sera capt&#xE9;e par un laser, et qui permettra de guider la canules d&#x2019;aspiration dans des zones s&#xFB;res, pour ne pas d&#xE9;truire les canaux lymphatiques existants.<\/li><li><strong>D&#xE9;rivations lymphoveineuses<\/strong> en cas de stase aux chevilles<\/li><li><strong>Auto transplantations&#xA0;ganglionnaires<\/strong> au genou ou en r&#xE9;gion inguinale, en fonction de l&#x2019;imagerie &#xE0; l&#x2019;IRML.<\/li><\/ol>\n\n\n\n<h2 class=\"wp-block-heading\">Conclusion :<\/h2>\n\n\n\n<p class=\"text-justify\">Il est &#xE9;vident que cette pathologie est loin d&#x2019;&#xEA;tre simple, est multifactorielle, et que l&#x2019;abord diagnostic est primordial. Une simple liposuccion ne r&#xE9;soudra jamais le probl&#xE8;me &#xE0; long terme.<\/p>\n\n\n\n<div class=\"wp-block-image\"><figure class=\"aligncenter size-full\"><a href=\"http:\/\/lymphoedemacenter.com\/wp-content\/uploads\/2021\/12\/Image23.png\"><img loading=\"lazy\" decoding=\"async\" width=\"350\" height=\"343\" src=\"http:\/\/lymphoedemacenter.com\/wp-content\/uploads\/2021\/12\/Image23.png\" alt=\"\" class=\"wp-image-2949\" srcset=\"https:\/\/lymphoedemacenter.com\/wp-content\/uploads\/2021\/12\/Image23.png 350w, https:\/\/lymphoedemacenter.com\/wp-content\/uploads\/2021\/12\/Image23-300x294.png 300w\" sizes=\"auto, (max-width: 350px) 100vw, 350px\"\/><\/a><figcaption><em>Pr&#xE9;op et 5 ans apr&#xE8;s une greffe de ganglions lymphatiques aux deux genoux et une liposculpture<\/em><\/figcaption><\/figure><\/div>\n\n\n\n<div class=\"wp-block-image\"><figure class=\"aligncenter size-full\"><a href=\"http:\/\/lymphoedemacenter.com\/wp-content\/uploads\/2021\/12\/Image24.png\"><img loading=\"lazy\" decoding=\"async\" width=\"350\" height=\"350\" src=\"http:\/\/lymphoedemacenter.com\/wp-content\/uploads\/2021\/12\/Image24.png\" alt=\"\" class=\"wp-image-2952\" srcset=\"https:\/\/lymphoedemacenter.com\/wp-content\/uploads\/2021\/12\/Image24.png 350w, https:\/\/lymphoedemacenter.com\/wp-content\/uploads\/2021\/12\/Image24-300x300.png 300w, https:\/\/lymphoedemacenter.com\/wp-content\/uploads\/2021\/12\/Image24-80x80.png 80w, https:\/\/lymphoedemacenter.com\/wp-content\/uploads\/2021\/12\/Image24-230x230.png 230w, https:\/\/lymphoedemacenter.com\/wp-content\/uploads\/2021\/12\/Image24-80x80@2x.png 160w\" sizes=\"auto, (max-width: 350px) 100vw, 350px\"\/><\/a><figcaption><em>2 ans apr&#xE8;s transferts de lymphnodes au genou pour traiter les gonflements de la cheville et liposculpture<\/em><\/figcaption><\/figure><\/div>\n\n\n\n<div class=\"wp-block-image\"><figure class=\"aligncenter size-full\"><a href=\"http:\/\/lymphoedemacenter.com\/wp-content\/uploads\/2021\/12\/Image25.png\"><img loading=\"lazy\" decoding=\"async\" width=\"350\" height=\"325\" src=\"http:\/\/lymphoedemacenter.com\/wp-content\/uploads\/2021\/12\/Image25.png\" alt=\"\" class=\"wp-image-2955\" srcset=\"https:\/\/lymphoedemacenter.com\/wp-content\/uploads\/2021\/12\/Image25.png 350w, https:\/\/lymphoedemacenter.com\/wp-content\/uploads\/2021\/12\/Image25-300x279.png 300w\" sizes=\"auto, (max-width: 350px) 100vw, 350px\"\/><\/a><figcaption><em>Lipoed&#xE8;me et lymph&#x153;d&#xE8;me de la jambe droite.2 ans apr&#xE8;s transfert de lymphnodes au genou droit et liposculpture. Pas de r&#xE9;gime alimentaire.<\/em><\/figcaption><\/figure><\/div>\n\n\n\n<div class=\"wp-block-image\"><figure class=\"aligncenter size-full\"><a href=\"http:\/\/lymphoedemacenter.com\/wp-content\/uploads\/2021\/12\/Image26.png\"><img loading=\"lazy\" decoding=\"async\" width=\"350\" height=\"287\" src=\"http:\/\/lymphoedemacenter.com\/wp-content\/uploads\/2021\/12\/Image26.png\" alt=\"\" class=\"wp-image-2958\" srcset=\"https:\/\/lymphoedemacenter.com\/wp-content\/uploads\/2021\/12\/Image26.png 350w, https:\/\/lymphoedemacenter.com\/wp-content\/uploads\/2021\/12\/Image26-300x246.png 300w\" sizes=\"auto, (max-width: 350px) 100vw, 350px\"\/><\/a><\/figure><\/div>\n\n\n\n<div class=\"wp-block-image\"><figure class=\"aligncenter size-full\"><a href=\"http:\/\/lymphoedemacenter.com\/wp-content\/uploads\/2021\/12\/Image27.png\"><img loading=\"lazy\" decoding=\"async\" width=\"350\" height=\"239\" src=\"http:\/\/lymphoedemacenter.com\/wp-content\/uploads\/2021\/12\/Image27.png\" alt=\"\" class=\"wp-image-2961\" srcset=\"https:\/\/lymphoedemacenter.com\/wp-content\/uploads\/2021\/12\/Image27.png 350w, https:\/\/lymphoedemacenter.com\/wp-content\/uploads\/2021\/12\/Image27-300x205.png 300w\" sizes=\"auto, (max-width: 350px) 100vw, 350px\"\/><\/a><figcaption><em>67 femmes &#xE2;g&#xE9;es souffrant d&#x2019;un lipoed&#xE8;me vrai avec un l&#xE9;ger lymph&#x153;d&#xE8;me distal. R&#xE9;sultats apr&#xE8;s 1 transfert de lymphnodes dans la r&#xE9;gion inguinale droite et liposculpture pour hypoplasie dans le syst&#xE8;me lymphatique inguinal profond (IRML)<\/em><\/figcaption><\/figure><\/div>\n","protected":false},"excerpt":{"rendered":"<p>Certaines patientes pr&#xE9;sentent les lipodystrophies importantes au niveau des cuisses, des mollets et des chevilles qui gonflent de plus en plus. Les cures amaigrissantes n&#x2019;y font rien. Notre polytique de traitement est d&#x2019;abord une &#xE9;valuation&#xA0;: Une biologie sp&#xE9;cifique et une&#x2026; <\/p>\n","protected":false},"author":5,"featured_media":0,"parent":0,"menu_order":0,"comment_status":"closed","ping_status":"closed","template":"","meta":{"footnotes":""},"class_list":["post-2587","page","type-page","status-publish","hentry"],"aioseo_notices":[],"yoast_head":"<!-- This site is optimized with the Yoast SEO plugin v27.5 - https:\/\/yoast.com\/product\/yoast-seo-wordpress\/ -->\n<title>Chirurgie du lipoed\u00e8me - Dr Corinne Becker - Lymphoedema Center - Greffes ganglionnaires - Lipoed\u00e8me - Lymphome et lymph\u0153d\u00e8me<\/title>\n<meta name=\"robots\" content=\"index, follow, max-snippet:-1, max-image-preview:large, max-video-preview:-1\" \/>\n<link rel=\"canonical\" href=\"http:\/\/lymphoedemacenter.com\/?page_id=2587&lang=fr\" \/>\n<meta property=\"og:locale\" content=\"en_US\" \/>\n<meta property=\"og:type\" content=\"article\" \/>\n<meta property=\"og:title\" content=\"Chirurgie du lipoed\u00e8me - Dr Corinne Becker - Lymphoedema Center - Greffes ganglionnaires - Lipoed\u00e8me - Lymphome et lymph\u0153d\u00e8me\" \/>\n<meta property=\"og:description\" content=\"Certaines patientes pr&#xE9;sentent les lipodystrophies importantes au niveau des cuisses, des mollets et des chevilles qui gonflent de plus en plus. Les cures amaigrissantes n&#x2019;y font rien. Notre polytique de traitement est d&#x2019;abord une &#xE9;valuation&#xA0;: Une biologie sp&#xE9;cifique et une&#x2026;\" \/>\n<meta property=\"og:url\" content=\"http:\/\/lymphoedemacenter.com\/?page_id=2587&amp;lang=fr\" \/>\n<meta property=\"og:site_name\" content=\"Dr Corinne Becker - Lymphoedema Center\" \/>\n<meta property=\"article:modified_time\" content=\"2022-04-06T09:53:06+00:00\" \/>\n<meta property=\"og:image\" content=\"http:\/\/lymphoedemacenter.com\/wp-content\/uploads\/2021\/12\/Image23.png\" \/>\n<meta name=\"twitter:card\" content=\"summary_large_image\" \/>\n<meta name=\"twitter:label1\" content=\"Est. reading time\" \/>\n\t<meta name=\"twitter:data1\" content=\"3 minutes\" \/>\n<script type=\"application\/ld+json\" class=\"yoast-schema-graph\">{\"@context\":\"https:\\\/\\\/schema.org\",\"@graph\":[{\"@type\":\"WebPage\",\"@id\":\"http:\\\/\\\/lymphoedemacenter.com\\\/?page_id=2587&lang=fr\",\"url\":\"http:\\\/\\\/lymphoedemacenter.com\\\/?page_id=2587&lang=fr\",\"name\":\"Chirurgie du lipoed\u00e8me - Dr Corinne Becker - Lymphoedema Center - Greffes ganglionnaires - Lipoed\u00e8me - Lymphome et lymph\u0153d\u00e8me\",\"isPartOf\":{\"@id\":\"http:\\\/\\\/lymphoedemacenter.com\\\/#website\"},\"primaryImageOfPage\":{\"@id\":\"http:\\\/\\\/lymphoedemacenter.com\\\/?page_id=2587&lang=fr#primaryimage\"},\"image\":{\"@id\":\"http:\\\/\\\/lymphoedemacenter.com\\\/?page_id=2587&lang=fr#primaryimage\"},\"thumbnailUrl\":\"http:\\\/\\\/lymphoedemacenter.com\\\/wp-content\\\/uploads\\\/2021\\\/12\\\/Image23.png\",\"datePublished\":\"2021-11-25T15:39:01+00:00\",\"dateModified\":\"2022-04-06T09:53:06+00:00\",\"breadcrumb\":{\"@id\":\"http:\\\/\\\/lymphoedemacenter.com\\\/?page_id=2587&lang=fr#breadcrumb\"},\"inLanguage\":\"en-US\",\"potentialAction\":[{\"@type\":\"ReadAction\",\"target\":[\"http:\\\/\\\/lymphoedemacenter.com\\\/?page_id=2587&lang=fr\"]}]},{\"@type\":\"ImageObject\",\"inLanguage\":\"en-US\",\"@id\":\"http:\\\/\\\/lymphoedemacenter.com\\\/?page_id=2587&lang=fr#primaryimage\",\"url\":\"https:\\\/\\\/lymphoedemacenter.com\\\/wp-content\\\/uploads\\\/2021\\\/12\\\/Image23.png\",\"contentUrl\":\"https:\\\/\\\/lymphoedemacenter.com\\\/wp-content\\\/uploads\\\/2021\\\/12\\\/Image23.png\",\"width\":350,\"height\":343},{\"@type\":\"BreadcrumbList\",\"@id\":\"http:\\\/\\\/lymphoedemacenter.com\\\/?page_id=2587&lang=fr#breadcrumb\",\"itemListElement\":[{\"@type\":\"ListItem\",\"position\":1,\"name\":\"Home\",\"item\":\"https:\\\/\\\/lymphoedemacenter.com\\\/\"},{\"@type\":\"ListItem\",\"position\":2,\"name\":\"Chirurgie du lipoed\u00e8me\"}]},{\"@type\":\"WebSite\",\"@id\":\"http:\\\/\\\/lymphoedemacenter.com\\\/#website\",\"url\":\"http:\\\/\\\/lymphoedemacenter.com\\\/\",\"name\":\"Dr Corinne Becker - Lymphoedema Center\",\"description\":\"A pioneer in the ALNT procedure, autologous lymphnodes transplantation\",\"potentialAction\":[{\"@type\":\"SearchAction\",\"target\":{\"@type\":\"EntryPoint\",\"urlTemplate\":\"http:\\\/\\\/lymphoedemacenter.com\\\/?s={search_term_string}\"},\"query-input\":{\"@type\":\"PropertyValueSpecification\",\"valueRequired\":true,\"valueName\":\"search_term_string\"}}],\"inLanguage\":\"en-US\"}]}<\/script>\n<!-- \/ Yoast SEO plugin. -->","yoast_head_json":{"title":"Chirurgie du lipoed\u00e8me - Dr Corinne Becker - Lymphoedema Center - Greffes ganglionnaires - Lipoed\u00e8me - Lymphome et lymph\u0153d\u00e8me","robots":{"index":"index","follow":"follow","max-snippet":"max-snippet:-1","max-image-preview":"max-image-preview:large","max-video-preview":"max-video-preview:-1"},"canonical":"http:\/\/lymphoedemacenter.com\/?page_id=2587&lang=fr","og_locale":"en_US","og_type":"article","og_title":"Chirurgie du lipoed\u00e8me - Dr Corinne Becker - Lymphoedema Center - Greffes ganglionnaires - Lipoed\u00e8me - Lymphome et lymph\u0153d\u00e8me","og_description":"Certaines patientes pr&#xE9;sentent les lipodystrophies importantes au niveau des cuisses, des mollets et des chevilles qui gonflent de plus en plus. Les cures amaigrissantes n&#x2019;y font rien. Notre polytique de traitement est d&#x2019;abord une &#xE9;valuation&#xA0;: Une biologie sp&#xE9;cifique et une&#x2026;","og_url":"http:\/\/lymphoedemacenter.com\/?page_id=2587&lang=fr","og_site_name":"Dr Corinne Becker - Lymphoedema Center","article_modified_time":"2022-04-06T09:53:06+00:00","og_image":[{"url":"http:\/\/lymphoedemacenter.com\/wp-content\/uploads\/2021\/12\/Image23.png","type":"","width":"","height":""}],"twitter_card":"summary_large_image","twitter_misc":{"Est. reading time":"3 minutes"},"schema":{"@context":"https:\/\/schema.org","@graph":[{"@type":"WebPage","@id":"http:\/\/lymphoedemacenter.com\/?page_id=2587&lang=fr","url":"http:\/\/lymphoedemacenter.com\/?page_id=2587&lang=fr","name":"Chirurgie du lipoed\u00e8me - Dr Corinne Becker - Lymphoedema Center - Greffes ganglionnaires - Lipoed\u00e8me - Lymphome et lymph\u0153d\u00e8me","isPartOf":{"@id":"http:\/\/lymphoedemacenter.com\/#website"},"primaryImageOfPage":{"@id":"http:\/\/lymphoedemacenter.com\/?page_id=2587&lang=fr#primaryimage"},"image":{"@id":"http:\/\/lymphoedemacenter.com\/?page_id=2587&lang=fr#primaryimage"},"thumbnailUrl":"http:\/\/lymphoedemacenter.com\/wp-content\/uploads\/2021\/12\/Image23.png","datePublished":"2021-11-25T15:39:01+00:00","dateModified":"2022-04-06T09:53:06+00:00","breadcrumb":{"@id":"http:\/\/lymphoedemacenter.com\/?page_id=2587&lang=fr#breadcrumb"},"inLanguage":"en-US","potentialAction":[{"@type":"ReadAction","target":["http:\/\/lymphoedemacenter.com\/?page_id=2587&lang=fr"]}]},{"@type":"ImageObject","inLanguage":"en-US","@id":"http:\/\/lymphoedemacenter.com\/?page_id=2587&lang=fr#primaryimage","url":"https:\/\/lymphoedemacenter.com\/wp-content\/uploads\/2021\/12\/Image23.png","contentUrl":"https:\/\/lymphoedemacenter.com\/wp-content\/uploads\/2021\/12\/Image23.png","width":350,"height":343},{"@type":"BreadcrumbList","@id":"http:\/\/lymphoedemacenter.com\/?page_id=2587&lang=fr#breadcrumb","itemListElement":[{"@type":"ListItem","position":1,"name":"Home","item":"https:\/\/lymphoedemacenter.com\/"},{"@type":"ListItem","position":2,"name":"Chirurgie du lipoed\u00e8me"}]},{"@type":"WebSite","@id":"http:\/\/lymphoedemacenter.com\/#website","url":"http:\/\/lymphoedemacenter.com\/","name":"Dr Corinne Becker - Lymphoedema Center","description":"A pioneer in the ALNT procedure, autologous lymphnodes transplantation","potentialAction":[{"@type":"SearchAction","target":{"@type":"EntryPoint","urlTemplate":"http:\/\/lymphoedemacenter.com\/?s={search_term_string}"},"query-input":{"@type":"PropertyValueSpecification","valueRequired":true,"valueName":"search_term_string"}}],"inLanguage":"en-US"}]}},"_links":{"self":[{"href":"https:\/\/lymphoedemacenter.com\/index.php?rest_route=\/wp\/v2\/pages\/2587","targetHints":{"allow":["GET"]}}],"collection":[{"href":"https:\/\/lymphoedemacenter.com\/index.php?rest_route=\/wp\/v2\/pages"}],"about":[{"href":"https:\/\/lymphoedemacenter.com\/index.php?rest_route=\/wp\/v2\/types\/page"}],"author":[{"embeddable":true,"href":"https:\/\/lymphoedemacenter.com\/index.php?rest_route=\/wp\/v2\/users\/5"}],"replies":[{"embeddable":true,"href":"https:\/\/lymphoedemacenter.com\/index.php?rest_route=%2Fwp%2Fv2%2Fcomments&post=2587"}],"version-history":[{"count":6,"href":"https:\/\/lymphoedemacenter.com\/index.php?rest_route=\/wp\/v2\/pages\/2587\/revisions"}],"predecessor-version":[{"id":3203,"href":"https:\/\/lymphoedemacenter.com\/index.php?rest_route=\/wp\/v2\/pages\/2587\/revisions\/3203"}],"wp:attachment":[{"href":"https:\/\/lymphoedemacenter.com\/index.php?rest_route=%2Fwp%2Fv2%2Fmedia&parent=2587"}],"curies":[{"name":"wp","href":"https:\/\/api.w.org\/{rel}","templated":true}]}}